{"id":89,"date":"2015-08-25T18:36:42","date_gmt":"2015-08-25T16:36:42","guid":{"rendered":"http:\/\/nmsernstbrunn.ac.at\/wordpress\/?page_id=89"},"modified":"2021-12-10T19:50:07","modified_gmt":"2021-12-10T18:50:07","slug":"linksammlung","status":"publish","type":"page","link":"https:\/\/www.nmsernstbrunn.ac.at\/wordpress\/linksammlung\/","title":{"rendered":"Linksammlung"},"content":{"rendered":"<h4>\u00dcbungen:<\/h4>\n<ul>\n<li><a href=\"http:\/\/www.englisch-uebungen.de\/\" target=\"_blank\" rel=\"noopener\">\u00dcbungen f\u00fcr Englisch<\/a><\/li>\n<li><a href=\"https:\/\/quizlet.com\/NMSE\" target=\"_blank\" rel=\"noopener\">Quizlet &#8211; \u00dcbungen f\u00fcr Englisch, Franz\u00f6sisch, Musikerziehung<\/a><\/li>\n<li><a href=\"http:\/\/www.grundschulstoff.de\/\" target=\"_blank\" rel=\"noopener\">Unterrichtsmaterial f\u00fcr die Grundschule und Online-\u00dcbungen<\/a><\/li>\n<li><a href=\"http:\/\/www.arndt-bruenner.de\/mathe\/scripts\/einheitenueben.htm\" target=\"_blank\" rel=\"noopener\">\u00dcbungen zum Umwandeln von Einheiten<\/a><\/li>\n<li><a href=\"http:\/\/www.homepage.bnv-bamberg.de\/deutsch-interaktiv\/\">Deutsch interaktiv<\/a><\/li>\n<li><a href=\"http:\/\/online-lernen.levrai.de\/\">Online-Lern\u00fcbungen f\u00fcr Deutsch, Englisch, Geschichte<\/a><\/li>\n<li><a href=\"http:\/\/www.kidsnet.at\/\">Kidsnet<\/a><\/li>\n<li><a href=\"http:\/\/at4.schreibtrainer.com\/\">Online-Schreibtrainer<\/a><\/li>\n<\/ul>\n<h4>Schulen:<\/h4>\n<ul>\n<li><a href=\"http:\/\/vs-ernstbrunn.jimdo.com\/\" target=\"_blank\" rel=\"noopener\">Volksschule Ernstbrunn<\/a><\/li>\n<li><a href=\"http:\/\/vsgrossmugl.jimdo.com\/\">Volksschule Gro\u00dfmugl<\/a><\/li>\n<li><a href=\"http:\/\/vs-grossrussbach.jimdo.com\/\">Volksschule Gro\u00dfru\u00dfbach<\/a><\/li>\n<li><a href=\"http:\/\/www.vsniederleis.ac.at\">Volksschule Niederleis<\/a><\/li>\n<li><a href=\"https:\/\/www.htl-hl.ac.at\/cms\/\">HTL Hollabrunn (Partnerschule)<\/a><\/li>\n<\/ul>\n<h4>Sport<\/h4>\n<ul>\n<li><a href=\"https:\/\/www.maedchenfussballliga.at\/\" target=\"_blank\" rel=\"noopener\">M\u00e4dchenfu\u00dfballLIGA<\/a><\/li>\n<li><a href=\"http:\/\/www.sparkasse-schuelerliga.at\/\">Sparkasse Sch\u00fclerliga U13<\/a><\/li>\n<li><a href=\"http:\/\/www.noefv.at\/Portal\/Nachwuchs-Schule\/Schulfussball\">Schulfu\u00dfball in N\u00d6<\/a><\/li>\n<li><a href=\"http:\/\/www.slvbnoe.at\/\" target=\"_blank\" rel=\"noopener\">Sch\u00fclerliga Volleyball N\u00d6<\/a><\/li>\n<\/ul>\n<h4>\u00d6kologie:<\/h4>\n<ul>\n<li><a href=\"https:\/\/www.oekolog.at\/\" target=\"_blank\" rel=\"noopener\">\u00d6kolog &#8211; Schule und Umwelt<\/a><\/li>\n<\/ul>\n<h4>Berufsorientierung:<\/h4>\n<ul>\n<li><a href=\"http:\/\/www.bic.at\/index.php\" target=\"_blank\" rel=\"noopener\">Berufsinformation \/ Schulf\u00fchrer<\/a><\/li>\n<li><a href=\"http:\/\/lehrberuf.info\/\" target=\"_blank\" rel=\"noopener\">Lehrstellensuche<\/a><\/li>\n<li><a href=\"http:\/\/www.lehre-respekt.at\/\">Lehre? Respekt!<\/a><\/li>\n<\/ul>\n<h4>Diverses:<\/h4>\n<ul>\n<li><a href=\"http:\/\/schulpsychologie.lsr-noe.gv.at\/\" target=\"_blank\" rel=\"noopener\">Schulpsychologie<\/a><\/li>\n<li><a href=\"https:\/\/www.schule.at\">\u00d6sterreichisches Schulportal<\/a><\/li>\n<li><a href=\"http:\/\/www.lsr-noe.gv.at\/\" target=\"_blank\" rel=\"noopener\">Bildungsdirektion Nieder\u00f6sterreich<\/a><\/li>\n<li><a href=\"http:\/\/www.jugendliteratur.at\/\" target=\"_blank\" rel=\"noopener\">Kinder und Jugendliteratur<\/a><\/li>\n<\/ul>\n<p><span style=\"color: #990000;\">F\u00fcr die Anbieterseiten Dritter, auf die in unserer Homepage verwendete Links verweisen, kann nat\u00fcrlich keine Haftung \u00fcbernommen werden!<\/span><\/p>\n","protected":false},"excerpt":{"rendered":"<p>\u00dcbungen: \u00dcbungen f\u00fcr Englisch Quizlet &#8211; \u00dcbungen f\u00fcr Englisch, Franz\u00f6sisch, Musikerziehung Unterrichtsmaterial f\u00fcr die Grundschule und Online-\u00dcbungen \u00dcbungen zum Umwandeln von Einheiten Deutsch interaktiv Online-Lern\u00fcbungen f\u00fcr Deutsch, Englisch, Geschichte Kidsnet Online-Schreibtrainer Schulen: Volksschule Ernstbrunn Volksschule Gro\u00dfmugl Volksschule Gro\u00dfru\u00dfbach Volksschule Niederleis HTL Hollabrunn (Partnerschule) Sport M\u00e4dchenfu\u00dfballLIGA Sparkasse Sch\u00fclerliga U13 Schulfu\u00dfball in [&hellip;]<\/p>\n","protected":false},"author":1,"featured_media":0,"parent":0,"menu_order":0,"comment_status":"closed","ping_status":"closed","template":"","meta":{"footnotes":""},"class_list":["post-89","page","type-page","status-publish","hentry"],"_links":{"self":[{"href":"https:\/\/www.nmsernstbrunn.ac.at\/wordpress\/wp-json\/wp\/v2\/pages\/89","targetHints":{"allow":["GET"]}}],"collection":[{"href":"https:\/\/www.nmsernstbrunn.ac.at\/wordpress\/wp-json\/wp\/v2\/pages"}],"about":[{"href":"https:\/\/www.nmsernstbrunn.ac.at\/wordpress\/wp-json\/wp\/v2\/types\/page"}],"author":[{"embeddable":true,"href":"https:\/\/www.nmsernstbrunn.ac.at\/wordpress\/wp-json\/wp\/v2\/users\/1"}],"replies":[{"embeddable":true,"href":"https:\/\/www.nmsernstbrunn.ac.at\/wordpress\/wp-json\/wp\/v2\/comments?post=89"}],"version-history":[{"count":24,"href":"https:\/\/www.nmsernstbrunn.ac.at\/wordpress\/wp-json\/wp\/v2\/pages\/89\/revisions"}],"predecessor-version":[{"id":4804,"href":"https:\/\/www.nmsernstbrunn.ac.at\/wordpress\/wp-json\/wp\/v2\/pages\/89\/revisions\/4804"}],"wp:attachment":[{"href":"https:\/\/www.nmsernstbrunn.ac.at\/wordpress\/wp-json\/wp\/v2\/media?parent=89"}],"curies":[{"name":"wp","href":"https:\/\/api.w.org\/{rel}","templated":true}]}}