{"id":505,"date":"2015-08-31T22:29:58","date_gmt":"2015-08-31T20:29:58","guid":{"rendered":"http:\/\/nmsernstbrunn.ac.at\/wordpress\/?page_id=505"},"modified":"2015-09-16T18:29:17","modified_gmt":"2015-09-16T16:29:17","slug":"lernlabor","status":"publish","type":"page","link":"https:\/\/www.nmsernstbrunn.ac.at\/wordpress\/lernlabor\/","title":{"rendered":"Lernlabor"},"content":{"rendered":"<p>&nbsp;<\/p>\n<p><span style=\"font-size: 14pt;\"><strong>LERNLABOR &#8211; LEIWANDES LERNEN<\/strong><\/span><\/p>\n<p>&nbsp;<\/p>\n<p><span style=\"font-size: 12pt;\"><em>Was ist das Lernlabor?<\/em><\/span><\/p>\n<p>Im Lernlabor arbeiten Sch\u00fcler selbstverantwortlich. Sie bearbeiten und erarbeiten Themen im individuellen Tempo. In einem eigens daf\u00fcr eingerichteten Raum (dem sch\u00f6n gestalteten Lernlabor) und in den jeweiligen Klassen sind die Kinder so aufgeteilt, dass jeder Sch\u00fclerin und jedem Sch\u00fcler ein Tisch zum Arbeiten zur Verf\u00fcgung steht, auf dem sie\/er alle Arbeitsunterlagen ausbreiten kann.<\/p>\n<p>&nbsp;<\/p>\n<p><span style=\"font-size: 12pt;\"><em>Organisation?<\/em><\/span><\/p>\n<p>Alle Sch\u00fclerinnen und Sch\u00fcler einer Schulstufe arbeiten zur gleichen Zeit.<\/p>\n<p>Jede Woche besch\u00e4ftigen sich die Kinder zwei Unterrichtsstunden lang mit einer Schachtel, bzw. mit einem Thema. Dies geschieht im Rotationsprinzip &#8211; jede Woche andere Stunden.<\/p>\n<p><strong>26 Lernschachteln <\/strong>zu jeweils einem Thema stehen bereit und sind systematisch aufgebaut.<\/p>\n<p style=\"padding-left: 30px;\"><span class=\"wc-shortcodes-highlight wc-shortcodes-highlight-yellow \">GELB<\/span>:\u00a0 Arbeitsanweisung<br \/>\nWEISS: Arbeitsbl\u00e4tter<br \/>\n<span class=\"wc-shortcodes-highlight wc-shortcodes-highlight-green \">GR\u00dcN<\/span>: L\u00f6sungen<\/p>\n<p>Au\u00dferdem befinden sich in den Schachteln unter anderem Puzzles, CDs, Bilder, B\u00fccher usw.<\/p>\n<p>Genaues Lesen der Arbeitsanweisungen ist ein wichtiger Lernschritt.<br \/>\nEs gibt Pflichtaufgaben, die erf\u00fcllt werden m\u00fcssen und Smiley-Aufgaben, aus denen die Sch\u00fclerinnen und Sch\u00fcler w\u00e4hlen d\u00fcrfen.<br \/>\nBei Fragen und Unsicherheiten stehen die betreuenden Lehrinnen und Lehrer jederzeit zur Verf\u00fcgung.<\/p>\n<p>Ein gro\u00dfer Vorteil bei der Arbeit im Lernlabor besteht darin, dass Sch\u00fclerinnen und Sch\u00fcler Fehler machen d\u00fcrfen, die sie selbst durch die L\u00f6sungsbl\u00e4tter erkennen und verbessern.<br \/>\nJedes Kind sammelt in seiner Lernlabormappe die fertig gestellten Arbeiten.<\/p>\n<p>&nbsp;<\/p>\n<p><a  href=\"http:\/\/nmsernstbrunn.ac.at\/wordpress\/wp-content\/uploads\/2015\/08\/Lernlabor.jpg\" data-rel=\"lightbox-gallery-0\" data-rl_title=\"\" data-rl_caption=\"\" title=\"\"><img loading=\"lazy\" decoding=\"async\" class=\" wp-image-508 aligncenter\" src=\"http:\/\/nmsernstbrunn.ac.at\/wordpress\/wp-content\/uploads\/2015\/08\/Lernlabor.jpg\" alt=\"Lernlabor\" width=\"414\" height=\"310\" \/><\/a><\/p>\n","protected":false},"excerpt":{"rendered":"<p>&nbsp; LERNLABOR &#8211; LEIWANDES LERNEN &nbsp; Was ist das Lernlabor? Im Lernlabor arbeiten Sch\u00fcler selbstverantwortlich. Sie bearbeiten und erarbeiten Themen im individuellen Tempo. In einem eigens daf\u00fcr eingerichteten Raum (dem sch\u00f6n gestalteten Lernlabor) und in den jeweiligen Klassen sind die Kinder so aufgeteilt, dass jeder Sch\u00fclerin und jedem Sch\u00fcler ein [&hellip;]<\/p>\n","protected":false},"author":1,"featured_media":0,"parent":0,"menu_order":0,"comment_status":"closed","ping_status":"closed","template":"","meta":{"footnotes":""},"class_list":["post-505","page","type-page","status-publish","hentry"],"_links":{"self":[{"href":"https:\/\/www.nmsernstbrunn.ac.at\/wordpress\/wp-json\/wp\/v2\/pages\/505","targetHints":{"allow":["GET"]}}],"collection":[{"href":"https:\/\/www.nmsernstbrunn.ac.at\/wordpress\/wp-json\/wp\/v2\/pages"}],"about":[{"href":"https:\/\/www.nmsernstbrunn.ac.at\/wordpress\/wp-json\/wp\/v2\/types\/page"}],"author":[{"embeddable":true,"href":"https:\/\/www.nmsernstbrunn.ac.at\/wordpress\/wp-json\/wp\/v2\/users\/1"}],"replies":[{"embeddable":true,"href":"https:\/\/www.nmsernstbrunn.ac.at\/wordpress\/wp-json\/wp\/v2\/comments?post=505"}],"version-history":[{"count":19,"href":"https:\/\/www.nmsernstbrunn.ac.at\/wordpress\/wp-json\/wp\/v2\/pages\/505\/revisions"}],"predecessor-version":[{"id":760,"href":"https:\/\/www.nmsernstbrunn.ac.at\/wordpress\/wp-json\/wp\/v2\/pages\/505\/revisions\/760"}],"wp:attachment":[{"href":"https:\/\/www.nmsernstbrunn.ac.at\/wordpress\/wp-json\/wp\/v2\/media?parent=505"}],"curies":[{"name":"wp","href":"https:\/\/api.w.org\/{rel}","templated":true}]}}