{"id":488,"date":"2015-08-29T23:01:53","date_gmt":"2015-08-29T21:01:53","guid":{"rendered":"http:\/\/nmsernstbrunn.ac.at\/wordpress\/?page_id=488"},"modified":"2021-02-05T17:42:26","modified_gmt":"2021-02-05T16:42:26","slug":"willkommen","status":"publish","type":"page","link":"https:\/\/www.nmsernstbrunn.ac.at\/wordpress\/willkommen\/","title":{"rendered":"Herzlich willkommen in der \u00d6KO MS Ernstbrunn"},"content":{"rendered":"<p>&nbsp;<\/p>\n<p><a  href=\"http:\/\/nmsernstbrunn.ac.at\/wordpress\/wp-content\/uploads\/2015\/08\/schulevorn1.png\" data-rel=\"lightbox-gallery-0\" data-rl_title=\"\" data-rl_caption=\"\" title=\"\"><img loading=\"lazy\" decoding=\"async\" class=\"aligncenter wp-image-684 size-full\" src=\"http:\/\/nmsernstbrunn.ac.at\/wordpress\/wp-content\/uploads\/2015\/08\/schulevorn1.png\" alt=\"\" width=\"825\" height=\"420\" srcset=\"https:\/\/www.nmsernstbrunn.ac.at\/wordpress\/wp-content\/uploads\/2015\/08\/schulevorn1.png 825w, https:\/\/www.nmsernstbrunn.ac.at\/wordpress\/wp-content\/uploads\/2015\/08\/schulevorn1-600x305.png 600w\" sizes=\"auto, (max-width: 825px) 100vw, 825px\" \/><\/a><\/p>\n<hr class=\"wc-shortcodes-spacing \" style=\"height: 45px\" \/>\n<p><span style=\"font-size: 12pt;\">Wir freuen uns, Sie auf unserer Seite begr\u00fc\u00dfen zu d\u00fcrfen.<\/span><\/p>\n<p><span style=\"font-size: 12pt;\">Unserer Homepage bietet Ihnen die M\u00f6glichkeit unsere Schule n\u00e4her kennenzulernen und sich \u00fcber aktuelle Neuigkeiten zu informieren.<\/span><\/p>\n<p><span style=\"font-size: 12pt;\">Auf den folgenden Seiten erfahren Sie \u00fcber die Vorz\u00fcge der \u00d6KO MS Ernstbrunn, sowie die Eckpunkte unserer Ausbildung.<\/span><\/p>\n<p><span style=\"font-size: 12pt;\"><hr class=\"wc-shortcodes-spacing \" style=\"height: 25px\" \/>\n<div class=\"wc-shortcodes-row wc-shortcodes-item wc-shortcodes-clearfix\">\n<div class=\"wc-shortcodes-column wc-shortcodes-content wc-shortcodes-one-half wc-shortcodes-column-first \"><\/span><\/p>\n<h4><span style=\"font-size: 12pt;\">Schulprofil:<\/span><\/h4>\n<ul>\n<li><span style=\"font-size: 12pt;\"><a href=\"http:\/\/nmsernstbrunn.ac.at\/wordpress\/allgemein\/\">Allgemeine Informationen<\/a><\/span><\/li>\n<li><span style=\"font-size: 12pt;\"><a href=\"http:\/\/nmsernstbrunn.ac.at\/wordpress\/integration\/\">Integration<\/a><\/span><\/li>\n<li><span style=\"font-size: 12pt;\"><a href=\"http:\/\/nmsernstbrunn.ac.at\/wordpress\/gesunde-schule\/\">Gesunde Schule<\/a><\/span><\/li>\n<\/ul>\n<p>&nbsp;<\/p>\n<p><span style=\"font-size: 12pt;\"><\/div>\n<div class=\"wc-shortcodes-column wc-shortcodes-content wc-shortcodes-one-half wc-shortcodes-column-last \"><\/span><\/p>\n<h4><span style=\"font-size: 12pt;\">Schwerpunkte:<\/span><\/h4>\n<ul>\n<li><span style=\"font-size: 12pt;\"><a href=\"http:\/\/nmsernstbrunn.ac.at\/wordpress\/oekologie\/\">\u00d6kologie<\/a><\/span><\/li>\n<li><span style=\"font-size: 12pt;\"><a href=\"http:\/\/nmsernstbrunn.ac.at\/wordpress\/sport\/\">Sport<\/a><\/span><\/li>\n<li><span style=\"font-size: 12pt;\"><a href=\"http:\/\/nmsernstbrunn.ac.at\/wordpress\/englisch\/\">Arbeitssprache Englisch<\/a><\/span><\/li>\n<\/ul>\n<p>&nbsp;<\/p>\n<p><span style=\"font-size: 12pt;\"><hr class=\"wc-shortcodes-spacing \" style=\"height: 25px\" \/><div class=\"su-quote su-quote-style-default su-quote-has-cite\"><div class=\"su-quote-inner su-u-clearfix su-u-trim\">Lernen ist wie Rudern gegen den Strom. Sobald man aufh\u00f6rt, treibt man zur\u00fcck. <span class=\"su-quote-cite\">Benjamin Britten<\/span><\/div><\/div><\/span><\/p>\n<p><span style=\"line-height: 1.5; font-size: 12pt;\"><\/div>\n<\/div>\n<p><\/span><\/p>\n<p>&nbsp;<\/p>\n<p><span style=\"font-size: 12pt;\">Auf unserer Webpage k\u00f6nnen Sie sich umfangreich \u00fcber unsere Schule informieren, sollten Sie aber dar\u00fcber hinaus noch&nbsp;Fragen haben, besteht jederzeit die M\u00f6glichkeit diese via <a href=\"http:\/\/nmsernstbrunn.ac.at\/kontakt\/\">Kontaktseite<\/a> an uns zu richten.<\/span><\/p>\n<p>&nbsp;<\/p>\n<h3><\/h3>\n","protected":false},"excerpt":{"rendered":"<p>&nbsp; Wir freuen uns, Sie auf unserer Seite begr\u00fc\u00dfen zu d\u00fcrfen. Unserer Homepage bietet Ihnen die M\u00f6glichkeit unsere Schule n\u00e4her kennenzulernen und sich \u00fcber aktuelle Neuigkeiten zu informieren. Auf den folgenden Seiten erfahren Sie \u00fcber die Vorz\u00fcge der \u00d6KO MS Ernstbrunn, sowie die Eckpunkte unserer Ausbildung. Schulprofil: Allgemeine Informationen Integration [&hellip;]<\/p>\n","protected":false},"author":1,"featured_media":0,"parent":0,"menu_order":0,"comment_status":"closed","ping_status":"closed","template":"page-fullwidth.php","meta":{"footnotes":""},"class_list":["post-488","page","type-page","status-publish","hentry"],"_links":{"self":[{"href":"https:\/\/www.nmsernstbrunn.ac.at\/wordpress\/wp-json\/wp\/v2\/pages\/488","targetHints":{"allow":["GET"]}}],"collection":[{"href":"https:\/\/www.nmsernstbrunn.ac.at\/wordpress\/wp-json\/wp\/v2\/pages"}],"about":[{"href":"https:\/\/www.nmsernstbrunn.ac.at\/wordpress\/wp-json\/wp\/v2\/types\/page"}],"author":[{"embeddable":true,"href":"https:\/\/www.nmsernstbrunn.ac.at\/wordpress\/wp-json\/wp\/v2\/users\/1"}],"replies":[{"embeddable":true,"href":"https:\/\/www.nmsernstbrunn.ac.at\/wordpress\/wp-json\/wp\/v2\/comments?post=488"}],"version-history":[{"count":15,"href":"https:\/\/www.nmsernstbrunn.ac.at\/wordpress\/wp-json\/wp\/v2\/pages\/488\/revisions"}],"predecessor-version":[{"id":4423,"href":"https:\/\/www.nmsernstbrunn.ac.at\/wordpress\/wp-json\/wp\/v2\/pages\/488\/revisions\/4423"}],"wp:attachment":[{"href":"https:\/\/www.nmsernstbrunn.ac.at\/wordpress\/wp-json\/wp\/v2\/media?parent=488"}],"curies":[{"name":"wp","href":"https:\/\/api.w.org\/{rel}","templated":true}]}}