{"id":459,"date":"2015-08-29T11:20:16","date_gmt":"2015-08-29T09:20:16","guid":{"rendered":"http:\/\/nmsernstbrunn.ac.at\/wordpress\/?page_id=459"},"modified":"2023-09-19T15:28:48","modified_gmt":"2023-09-19T13:28:48","slug":"menueplan-2","status":"publish","type":"page","link":"https:\/\/www.nmsernstbrunn.ac.at\/wordpress\/menueplan-2\/","title":{"rendered":"Essen in der Schule"},"content":{"rendered":"<p><span style=\"font-size: 12pt;\"><strong>F\u00fcr das leibliche Wohl ist gesorgt!<\/strong><\/span><\/p>\n<ul>\n<li>Gesunde Jause in der gro\u00dfen Pause<\/li>\n<li>Mittagessen (Suppe oder Nachspeise, Hauptspeise, Getr\u00e4nk) um \u20ac 4,80<\/li>\n<li>3 Getr\u00e4nkeautomaten<\/li>\n<\/ul>\n","protected":false},"excerpt":{"rendered":"<p>F\u00fcr das leibliche Wohl ist gesorgt! Gesunde Jause in der gro\u00dfen Pause Mittagessen (Suppe oder Nachspeise, Hauptspeise, Getr\u00e4nk) um \u20ac 4,80 3 Getr\u00e4nkeautomaten<\/p>\n","protected":false},"author":1,"featured_media":0,"parent":0,"menu_order":0,"comment_status":"closed","ping_status":"closed","template":"","meta":{"footnotes":""},"class_list":["post-459","page","type-page","status-publish","hentry"],"_links":{"self":[{"href":"https:\/\/www.nmsernstbrunn.ac.at\/wordpress\/wp-json\/wp\/v2\/pages\/459","targetHints":{"allow":["GET"]}}],"collection":[{"href":"https:\/\/www.nmsernstbrunn.ac.at\/wordpress\/wp-json\/wp\/v2\/pages"}],"about":[{"href":"https:\/\/www.nmsernstbrunn.ac.at\/wordpress\/wp-json\/wp\/v2\/types\/page"}],"author":[{"embeddable":true,"href":"https:\/\/www.nmsernstbrunn.ac.at\/wordpress\/wp-json\/wp\/v2\/users\/1"}],"replies":[{"embeddable":true,"href":"https:\/\/www.nmsernstbrunn.ac.at\/wordpress\/wp-json\/wp\/v2\/comments?post=459"}],"version-history":[{"count":28,"href":"https:\/\/www.nmsernstbrunn.ac.at\/wordpress\/wp-json\/wp\/v2\/pages\/459\/revisions"}],"predecessor-version":[{"id":5948,"href":"https:\/\/www.nmsernstbrunn.ac.at\/wordpress\/wp-json\/wp\/v2\/pages\/459\/revisions\/5948"}],"wp:attachment":[{"href":"https:\/\/www.nmsernstbrunn.ac.at\/wordpress\/wp-json\/wp\/v2\/media?parent=459"}],"curies":[{"name":"wp","href":"https:\/\/api.w.org\/{rel}","templated":true}]}}