{"id":1710,"date":"2016-08-28T12:40:42","date_gmt":"2016-08-28T10:40:42","guid":{"rendered":"http:\/\/nmsernstbrunn.ac.at\/?page_id=1710"},"modified":"2021-08-03T18:08:12","modified_gmt":"2021-08-03T16:08:12","slug":"berufsorientierung","status":"publish","type":"page","link":"https:\/\/www.nmsernstbrunn.ac.at\/wordpress\/berufsorientierung\/","title":{"rendered":"Berufsorientierung"},"content":{"rendered":"<p><div class=\"wc-shortcodes-row wc-shortcodes-item wc-shortcodes-clearfix\"><div class=\"wc-shortcodes-column wc-shortcodes-content wc-shortcodes-three-fourth wc-shortcodes-column-first \"><div class=\"su-quote su-quote-style-default su-quote-has-cite\"><div class=\"su-quote-inner su-u-clearfix su-u-trim\"><span style=\"font-size: 14pt;\">W\u00e4hle einen Beruf, den du liebst, und du brauchst keinen Tag in deinem Leben mehr zu arbeiten.<\/span><span class=\"su-quote-cite\">Konfuzius - chinesischer Philosoph (ca. 551 - 479 v. Chr.)<\/span><\/div><\/div><\/div><br \/><div class=\"wc-shortcodes-column wc-shortcodes-content wc-shortcodes-one-fourth wc-shortcodes-column-last \"><\/p>\n<p><a  href=\"http:\/\/nmsernstbrunn.ac.at\/wordpress\/wp-content\/uploads\/2016\/08\/berufe.jpg\" data-rel=\"lightbox-gallery-0\" data-rl_title=\"\" data-rl_caption=\"\" title=\"\"><img loading=\"lazy\" decoding=\"async\" class=\"alignnone wp-image-2538\" src=\"http:\/\/nmsernstbrunn.ac.at\/wordpress\/wp-content\/uploads\/2016\/08\/berufe.jpg\" alt=\"\" width=\"549\" height=\"277\" srcset=\"https:\/\/www.nmsernstbrunn.ac.at\/wordpress\/wp-content\/uploads\/2016\/08\/berufe.jpg 540w, https:\/\/www.nmsernstbrunn.ac.at\/wordpress\/wp-content\/uploads\/2016\/08\/berufe-400x201.jpg 400w\" sizes=\"auto, (max-width: 549px) 100vw, 549px\" \/><\/a><\/p>\n<p><\/div><\/div><br \/><hr class=\"wc-shortcodes-spacing \" style=\"height: 20px\" \/>\n<p>Eine St\u00e4rke der Neuen Mittelschulen ist die <strong>Berufsorientierung<\/strong>. Schlie\u00dflich liegt es in der Berufswahl, die zu den Begabungen der einzelnen Jugendlichen passt, ob ein junger Mensch im Arbeitsleben gl\u00fccklich wird oder nicht.<\/p>\n<p>Ziel unseres Berufsorientierungsunterrichts ist es, alle Jugendlichen mit den vielf\u00e4ltigen beruflichen Anforderungen vertraut zu machen und ihnen <strong>die verschiedenen M\u00f6glichkeiten der Bildungs- bzw. Berufsausbildungen<\/strong> n\u00e4her zu bringen. Wir wollen sie bestm\u00f6glich unterst\u00fctzen, ihre <strong>F\u00e4higkeiten und Begabungen<\/strong> zu erkennen und den f\u00fcr sie richtigen Ausbildungsweg zu finden.<hr class=\"wc-shortcodes-spacing \" style=\"height: 10px\" \/>\n<p>Unsere Schule bietet eine <strong>Reihe von Angeboten<\/strong>, die Sch\u00fcler\/innen und Eltern ausf\u00fchrliche Unterst\u00fctzung im Berufsorientierungsprozess geben sollen:<\/p>\n<ul>\n<li>\u201eFrag Jimmy.at\u201c (Lehrberufe-Plattform)<\/li>\n<li>Besuch der Berufsinformationsmesse in Stockerau<\/li>\n<li>Teilnahme am N\u00d6 Begabungskompass (bestehend aus Talente Check, Potenzialanalyse und Beratungsgespr\u00e4chen)<\/li>\n<li>Realbegegnungen durch Besuche von Betrieben<\/li>\n<li>Bewerbungstraining mit Experten<\/li>\n<li>Teilnahme am Girl&#8217;s Day und Boy&#8217;s Day<\/li>\n<li>Individuelle Beratung zu Fragen der Berufs- und Bildungsm\u00f6glichkeiten nach der 8. Schulstufe<\/li>\n<li>Individuelle Berufsorientierung in Betrieben und Schulen f\u00fcr Sch\u00fcler der 7. bzw. 8. Schulstufe (Berufspraktische Tage bzw. Schnuppertage)<\/li>\n<li>Korneuburger Bildungsmeile<\/li>\n<li>\u201eGet a job\u201c \u2013 Tourismus-Workshop<\/li>\n<li>Kontakt zu au\u00dferschulischen Unterst\u00fctzungsm\u00f6glichkeiten z.B.: Jugendcoaching<\/li>\n<li>Motivationsschreiben, Lebenslauf, schriftliche Bewerbung<\/li>\n<li>Besuch des WIFI BIZ in Stockerau<\/li>\n<li>\u201eN\u00f6-Teens go HTL\u201c \u2013 Workshops an der HTL Hollabrunn<\/li>\n<li>Informationsvortr\u00e4ge durch Lehrer weiterf\u00fchrender Schulen<\/li>\n<li>Teilnahme an den Tagen der offenen T\u00fcr der Polytechnischen Schulen<\/li>\n<\/ul>\n<p>Plakate f\u00fcr die Termine der &#8222;Tage der offenen T\u00fcr&#8220; der weiterf\u00fchrenden Schulen sind an der Pr\u00e4sentationswand im 1. Stock vor den 3. bzw. 4. Klassen zu finden. Diese werden regelm\u00e4\u00dfig aktualisiert.<hr class=\"wc-shortcodes-spacing \" style=\"height: 10px\" \/>\n<p><img loading=\"lazy\" decoding=\"async\" class=\"wp-image-1712 alignright\" src=\"http:\/\/nmsernstbrunn.ac.at\/wordpress\/wp-content\/uploads\/2016\/07\/bo_siegel.jpg\" alt=\"bo_siegel\" width=\"106\" height=\"114\" \/><\/p>\n<p>Im <a href=\"http:\/\/nmsernstbrunn.ac.at\/2019\/05\/guetesiegel-fuer-berufsorientierung\/\">Mai 2019<\/a> wurde der NMS Ernstbrunn zum dritten Mal das <strong>G\u00fctesiegel f\u00fcr Berufsorientierung<\/strong> verliehen. Diese Auszeichnung wird an Schulen vergeben, die die Jugendlichen besonders intensiv auf die Berufswahl allgemein und auf die Wahl ihres k\u00fcnftigen Berufs vorbereiten.<\/p>\n<p>BO-Koordinatorin an der NMS Ernstbrunn: <strong>Mag. Edith Trettenhahn<\/strong><\/p>\n<p>Weitere <strong>Links und Informationen<\/strong> zur Berufsorientierung:<\/p>\n<ul>\n<li style=\"list-style-type: none;\">\n<ul>\n<li><a href=\"http:\/\/www.lehre-respekt.at\/\">www.lehre-respekt.at\/<\/a> (Ausf\u00fchrliche Informationsseite f\u00fcr Jugendliche\u00a0zum Thema Lehre, Bildung und Beruf)<\/li>\n<li><a href=\"http:\/\/www.ams.at\">www.ams.at<\/a> (Neben Stellenangeboten bietet das AMS auch zahlreiche Berufsportraits und Hilfestellung bei der Berufswahl)<\/li>\n<li><a href=\"https:\/\/www.berufskunde.de\/at\">www.berufskunde.de\/at<\/a> (Information \u00fcber Berufsfelder)<\/li>\n<li><a href=\"http:\/\/www.lehrberuf.info\">www.lehrberuf.info<\/a> (alles rund um die Lehrberufe)<\/li>\n<\/ul>\n<\/li>\n<\/ul>\n\n\n<p><\/p>\n","protected":false},"excerpt":{"rendered":"<p>Eine St\u00e4rke der Neuen Mittelschulen ist die Berufsorientierung. Schlie\u00dflich liegt es in der Berufswahl, die zu den Begabungen der einzelnen Jugendlichen passt, ob ein junger Mensch im Arbeitsleben gl\u00fccklich wird oder nicht. Ziel unseres Berufsorientierungsunterrichts ist es, alle Jugendlichen mit den vielf\u00e4ltigen beruflichen Anforderungen vertraut zu machen und ihnen die [&hellip;]<\/p>\n","protected":false},"author":1,"featured_media":0,"parent":0,"menu_order":0,"comment_status":"closed","ping_status":"closed","template":"","meta":{"footnotes":""},"class_list":["post-1710","page","type-page","status-publish","hentry"],"_links":{"self":[{"href":"https:\/\/www.nmsernstbrunn.ac.at\/wordpress\/wp-json\/wp\/v2\/pages\/1710","targetHints":{"allow":["GET"]}}],"collection":[{"href":"https:\/\/www.nmsernstbrunn.ac.at\/wordpress\/wp-json\/wp\/v2\/pages"}],"about":[{"href":"https:\/\/www.nmsernstbrunn.ac.at\/wordpress\/wp-json\/wp\/v2\/types\/page"}],"author":[{"embeddable":true,"href":"https:\/\/www.nmsernstbrunn.ac.at\/wordpress\/wp-json\/wp\/v2\/users\/1"}],"replies":[{"embeddable":true,"href":"https:\/\/www.nmsernstbrunn.ac.at\/wordpress\/wp-json\/wp\/v2\/comments?post=1710"}],"version-history":[{"count":48,"href":"https:\/\/www.nmsernstbrunn.ac.at\/wordpress\/wp-json\/wp\/v2\/pages\/1710\/revisions"}],"predecessor-version":[{"id":4552,"href":"https:\/\/www.nmsernstbrunn.ac.at\/wordpress\/wp-json\/wp\/v2\/pages\/1710\/revisions\/4552"}],"wp:attachment":[{"href":"https:\/\/www.nmsernstbrunn.ac.at\/wordpress\/wp-json\/wp\/v2\/media?parent=1710"}],"curies":[{"name":"wp","href":"https:\/\/api.w.org\/{rel}","templated":true}]}}