{"id":149,"date":"2015-08-25T21:13:52","date_gmt":"2015-08-25T19:13:52","guid":{"rendered":"http:\/\/nmsernstbrunn.ac.at\/wordpress\/?page_id=149"},"modified":"2015-09-15T20:11:40","modified_gmt":"2015-09-15T18:11:40","slug":"kreativitaet","status":"publish","type":"page","link":"https:\/\/www.nmsernstbrunn.ac.at\/wordpress\/kreativitaet\/","title":{"rendered":"Kreatives"},"content":{"rendered":"<h3>WIR F\u00d6RDERN KREATIVIT\u00c4T, INTERESSEN, TALENTE<\/h3>\n<p>&nbsp;<\/p>\n<h5>Individuelle F\u00f6rderung \/ Unverbindliche \u00dcbungen<\/h5>\n<ul>\n<li>Informatik \/ Malwerkst\u00e4tte<\/li>\n<li>Wahlpflichtf\u00e4cher<\/li>\n<li>Darstellendes Spiel \/ Theater der Jugend<\/li>\n<li>Schulchor<\/li>\n<\/ul>\n<h5><\/h5>\n<h5>Besondere Gestaltung der letzten Schulwoche<\/h5>\n<ul>\n<li>Workshop<\/li>\n<li>Spielefest<\/li>\n<li>Abschlussfest der austretenden Sch\u00fcler<\/li>\n<\/ul>\n<p>&nbsp;<\/p>\n<p>&nbsp;<\/p>\n<div class=\"su-row\">\n<div class=\"su-column su-column-size-1-2\"><div class=\"su-column-inner su-u-clearfix su-u-trim\"><a  href=\"http:\/\/nmsernstbrunn.ac.at\/wordpress\/wp-content\/uploads\/2015\/08\/Gesang-cp.jpg\" data-rel=\"lightbox-gallery-0\" data-rl_title=\"\" data-rl_caption=\"\" title=\"\"><img loading=\"lazy\" decoding=\"async\" class=\"alignnone wp-image-730\" src=\"http:\/\/nmsernstbrunn.ac.at\/wordpress\/wp-content\/uploads\/2015\/08\/Gesang-cp-600x337.jpg\" alt=\"\" width=\"474\" height=\"266\" srcset=\"https:\/\/www.nmsernstbrunn.ac.at\/wordpress\/wp-content\/uploads\/2015\/08\/Gesang-cp-600x337.jpg 600w, https:\/\/www.nmsernstbrunn.ac.at\/wordpress\/wp-content\/uploads\/2015\/08\/Gesang-cp.jpg 1136w\" sizes=\"auto, (max-width: 474px) 100vw, 474px\" \/><\/a> <\/div><\/div>\n<div class=\"su-column su-column-size-1-2\"><div class=\"su-column-inner su-u-clearfix su-u-trim\"><div class=\"su-youtube su-u-responsive-media-yes\"><iframe loading=\"lazy\" width=\"600\" height=\"400\" src=\"https:\/\/www.youtube.com\/embed\/kCwivhmw0CQ?\" frameborder=\"0\" allowfullscreen allow=\"autoplay; encrypted-media; picture-in-picture\" title=\"\"><\/iframe><\/div><\/div><\/div>\n<\/div>\n","protected":false},"excerpt":{"rendered":"<p>WIR F\u00d6RDERN KREATIVIT\u00c4T, INTERESSEN, TALENTE &nbsp; Individuelle F\u00f6rderung \/ Unverbindliche \u00dcbungen Informatik \/ Malwerkst\u00e4tte Wahlpflichtf\u00e4cher Darstellendes Spiel \/ Theater der Jugend Schulchor Besondere Gestaltung der letzten Schulwoche Workshop Spielefest Abschlussfest der austretenden Sch\u00fcler &nbsp; &nbsp;<\/p>\n","protected":false},"author":1,"featured_media":0,"parent":0,"menu_order":0,"comment_status":"closed","ping_status":"closed","template":"","meta":{"footnotes":""},"class_list":["post-149","page","type-page","status-publish","hentry"],"_links":{"self":[{"href":"https:\/\/www.nmsernstbrunn.ac.at\/wordpress\/wp-json\/wp\/v2\/pages\/149","targetHints":{"allow":["GET"]}}],"collection":[{"href":"https:\/\/www.nmsernstbrunn.ac.at\/wordpress\/wp-json\/wp\/v2\/pages"}],"about":[{"href":"https:\/\/www.nmsernstbrunn.ac.at\/wordpress\/wp-json\/wp\/v2\/types\/page"}],"author":[{"embeddable":true,"href":"https:\/\/www.nmsernstbrunn.ac.at\/wordpress\/wp-json\/wp\/v2\/users\/1"}],"replies":[{"embeddable":true,"href":"https:\/\/www.nmsernstbrunn.ac.at\/wordpress\/wp-json\/wp\/v2\/comments?post=149"}],"version-history":[{"count":11,"href":"https:\/\/www.nmsernstbrunn.ac.at\/wordpress\/wp-json\/wp\/v2\/pages\/149\/revisions"}],"predecessor-version":[{"id":731,"href":"https:\/\/www.nmsernstbrunn.ac.at\/wordpress\/wp-json\/wp\/v2\/pages\/149\/revisions\/731"}],"wp:attachment":[{"href":"https:\/\/www.nmsernstbrunn.ac.at\/wordpress\/wp-json\/wp\/v2\/media?parent=149"}],"curies":[{"name":"wp","href":"https:\/\/api.w.org\/{rel}","templated":true}]}}