{"id":139,"date":"2015-08-25T21:05:27","date_gmt":"2015-08-25T19:05:27","guid":{"rendered":"http:\/\/nmsernstbrunn.ac.at\/wordpress\/?page_id=139"},"modified":"2015-09-23T19:14:56","modified_gmt":"2015-09-23T17:14:56","slug":"integration","status":"publish","type":"page","link":"https:\/\/www.nmsernstbrunn.ac.at\/wordpress\/integration\/","title":{"rendered":"Integration"},"content":{"rendered":"<h2 style=\"text-align: center;\"><strong><span style=\"color: #990000;\">INTEGRATION<\/span><\/strong><\/h2>\n<p>Die Integration von Sch\u00fclern mit sonderp\u00e4dagogischem F\u00f6rderbedarf ist uns ein Anliegen. Ein Lehrerteam ist bem\u00fcht, den Sch\u00fclern den Besuch der Pflichtschule zu erm\u00f6glichen und sie im besonderen Ma\u00df zu f\u00f6rdern.<\/p>\n<div class=\"wc-shortcodes-row wc-shortcodes-item wc-shortcodes-clearfix\">\n<div class=\"wc-shortcodes-column wc-shortcodes-content wc-shortcodes-one-third wc-shortcodes-column-first \">\n<div class=\"su-quote su-quote-style-default\"><div class=\"su-quote-inner su-u-clearfix su-u-trim\">Die Menschen, denen wir eine St\u00fctze sind, die geben uns Halt im Leben.<\/div><\/div>\n<\/div>\n<div class=\"wc-shortcodes-column wc-shortcodes-content wc-shortcodes-two-third wc-shortcodes-column-last \">\n<p>Sonderp\u00e4dagogische F\u00f6rderung unterst\u00fctzt Kinder und Jugendliche mit Behinderungen beim Erwerb einer ihren individuellen M\u00f6glichkeiten entsprechende Bildung und Erziehung mit dem Ziel schulischer und beruflicher Eingliederung, gesellschaftlicher Teilhabe und selbstst\u00e4ndiger Lebensgestaltung.\n<\/p><\/div>\n<\/div>\n<p>Sie orientiert sich an der jeweiligen individuellen und sozialen Situation und schlie\u00dft die pers\u00f6nlichkeits- und entwicklungsorientierte Vorbereitung auf zuk\u00fcnftige Lebenssituationen ein. Sie erfordert die Gestaltung von Lernumwelten, die Sch\u00fclerinnen und Sch\u00fclern \u2013 ausgehend von ihren individuellen F\u00e4higkeiten und St\u00e4rken \u2013 den Erwerb gr\u00f6\u00dftm\u00f6glicher Autonomie sowie die Aneignung von Lerninhalten, Schl\u00fcsselqualifikationen und Kompetenzen erm\u00f6glicht.<\/p>\n","protected":false},"excerpt":{"rendered":"<p>INTEGRATION Die Integration von Sch\u00fclern mit sonderp\u00e4dagogischem F\u00f6rderbedarf ist uns ein Anliegen. Ein Lehrerteam ist bem\u00fcht, den Sch\u00fclern den Besuch der Pflichtschule zu erm\u00f6glichen und sie im besonderen Ma\u00df zu f\u00f6rdern. Sonderp\u00e4dagogische F\u00f6rderung unterst\u00fctzt Kinder und Jugendliche mit Behinderungen beim Erwerb einer ihren individuellen M\u00f6glichkeiten entsprechende Bildung und Erziehung mit [&hellip;]<\/p>\n","protected":false},"author":1,"featured_media":0,"parent":0,"menu_order":0,"comment_status":"closed","ping_status":"closed","template":"","meta":{"footnotes":""},"class_list":["post-139","page","type-page","status-publish","hentry"],"_links":{"self":[{"href":"https:\/\/www.nmsernstbrunn.ac.at\/wordpress\/wp-json\/wp\/v2\/pages\/139","targetHints":{"allow":["GET"]}}],"collection":[{"href":"https:\/\/www.nmsernstbrunn.ac.at\/wordpress\/wp-json\/wp\/v2\/pages"}],"about":[{"href":"https:\/\/www.nmsernstbrunn.ac.at\/wordpress\/wp-json\/wp\/v2\/types\/page"}],"author":[{"embeddable":true,"href":"https:\/\/www.nmsernstbrunn.ac.at\/wordpress\/wp-json\/wp\/v2\/users\/1"}],"replies":[{"embeddable":true,"href":"https:\/\/www.nmsernstbrunn.ac.at\/wordpress\/wp-json\/wp\/v2\/comments?post=139"}],"version-history":[{"count":14,"href":"https:\/\/www.nmsernstbrunn.ac.at\/wordpress\/wp-json\/wp\/v2\/pages\/139\/revisions"}],"predecessor-version":[{"id":856,"href":"https:\/\/www.nmsernstbrunn.ac.at\/wordpress\/wp-json\/wp\/v2\/pages\/139\/revisions\/856"}],"wp:attachment":[{"href":"https:\/\/www.nmsernstbrunn.ac.at\/wordpress\/wp-json\/wp\/v2\/media?parent=139"}],"curies":[{"name":"wp","href":"https:\/\/api.w.org\/{rel}","templated":true}]}}