{"id":133,"date":"2015-08-25T21:04:27","date_gmt":"2015-08-25T19:04:27","guid":{"rendered":"http:\/\/nmsernstbrunn.ac.at\/wordpress\/?page_id=133"},"modified":"2015-09-01T15:08:41","modified_gmt":"2015-09-01T13:08:41","slug":"allgemein","status":"publish","type":"page","link":"https:\/\/www.nmsernstbrunn.ac.at\/wordpress\/allgemein\/","title":{"rendered":"Allgemein"},"content":{"rendered":"<p>&nbsp;<\/p>\n<p>Um den Anforderungen, die an die Abg\u00e4nger der Neuen Mittelschule gestellt werden, gerecht zu werden, versuchen wir durch ein breit gef\u00e4chertes Bildungsangebot, durch zielorientierte p\u00e4dagogische Arbeit optimale Voraussetzungen f\u00fcr unsere Sch\u00fcler zu schaffen.<\/p>\n<p>Wir bieten mit unserem Angebot sowohl eine gute Alternative zur Unterstufe der AHS, als auch eine fundierte Ausbildung als Grundlage f\u00fcr den Einstieg ins Berufsleben. Positive R\u00fcckmeldungen aus den Oberstufen der weiterbildenden Schulen und aus den Lehrbetrieben best\u00e4tigen immer wieder unsere Bem\u00fchungen und st\u00e4rken die Freude an unserer beruflichen T\u00e4tigkeit.<\/p>\n<p>Die geringeren Entfernungen zum Schulstandort werden von Sch\u00fclern und Eltern gesch\u00e4tzt.<br \/>\nVerst\u00e4ndliches Aufbereiten des Lehrstoffes, Hinf\u00fchrung zum eigenverantwortlichen Lernen, \u00dcben, Festigen und Anwenden neuer Lehr- und Lernformen sollen den Kindern den Schulalltag erlebnis- und abwechslungsreich gestalten.<\/p>\n<p>Die Integration von Sch\u00fclern mit sonderp\u00e4dagogischem F\u00f6rderbedarf ist uns wichtig.<\/p>\n<p>Unser Anliegen ist die Erziehung zu einer erfolgsorientierten Arbeitshaltung, zu sozialem Handeln, zur Bereitschaft zu Teamarbeit, zu geistiger und k\u00f6rperlicher Fitness.<\/p>\n<p>Unsere bestens ausgestattete Schule verf\u00fcgt neben modernen, ansprechenden Klassenzimmern \u00fcber 2 Informatikr\u00e4ume, Werk- und Zeichens\u00e4le, einen Medienraum, einen Raum f\u00fcr biologische \u00dcbungen, einen freundlichen Essensbereich f\u00fcr die gro\u00dfe Pause und das Mittagessen und eine gro\u00dfe Sporthalle.<br \/>\nDie beste technische Ausstattung gew\u00e4hrleistet modernsten Unterricht mit Lehrern, deren h\u00f6chster Anspruch die Menschlichkeit gegen\u00fcber ihren Sch\u00fclern ist.<\/p>\n<p>Diese\u00a0Vielf\u00e4ltigkeit des Unterrichts spiegelt sich auch in unserem Schullogo wider.<\/p>\n<p>&nbsp;<\/p>\n<p><a  href=\"http:\/\/nmsernstbrunn.ac.at\/wordpress\/wp-content\/uploads\/2015\/08\/Logo.gif\" data-rel=\"lightbox-gallery-0\" data-rl_title=\"\" data-rl_caption=\"\" title=\"\"><img loading=\"lazy\" decoding=\"async\" class=\"aligncenter wp-image-518 \" src=\"http:\/\/nmsernstbrunn.ac.at\/wordpress\/wp-content\/uploads\/2015\/08\/Logo-150x150.gif\" alt=\"\" width=\"192\" height=\"192\" srcset=\"https:\/\/www.nmsernstbrunn.ac.at\/wordpress\/wp-content\/uploads\/2015\/08\/Logo-150x150.gif 150w, https:\/\/www.nmsernstbrunn.ac.at\/wordpress\/wp-content\/uploads\/2015\/08\/Logo-45x45.gif 45w\" sizes=\"auto, (max-width: 192px) 100vw, 192px\" \/><\/a><\/p>\n<p>&nbsp;<\/p>\n<p><strong><span style=\"color: #990000;\">Bunt<\/span> <\/strong>wie das Leben, bunt wie das Angebot an F\u00e4chern, Neigungsgruppen und Alternativgegenst\u00e4nden.<br \/>\n<strong><span style=\"color: #990000;\">Schachbrett<\/span> <\/strong>f\u00fcr logisches Denken, Kombination, Planen&#8230;..oder Zielflagge: Wir wollen etwas erreichen, zu Ende bringen.<br \/>\n<strong><span style=\"color: #990000;\">Palette<\/span> <\/strong>und Noten f\u00fcr Kreativit\u00e4t, Phantasie, Freude am Selbertun.<br \/>\n<strong><span style=\"color: #990000;\">Fu\u00dfball<\/span> <\/strong>f\u00fcr Sport, Bewegung, Aktivit\u00e4ten, Teamwork, Spielregeln, Disziplin.<br \/>\n<strong><span style=\"color: #990000;\">Glaskolben<\/span> <\/strong>f\u00fcr Experimentierfreude, Forschung, Technik, Zukunftsorientierung.<br \/>\nDer <strong><span style=\"color: #990000;\">Mensch<\/span> <\/strong>f\u00fcr Geschichte, Soziales, Entwicklung, Leben, Harmonie.<br \/>\n<strong><span style=\"color: #990000;\">Kr\u00f6te<\/span> <\/strong>f\u00fcr Biologie, Umwelt, Naturverbundenheit, \u00d6kologie.<br \/>\n<strong><span style=\"color: #990000;\">Kreuz<\/span> <\/strong>f\u00fcr Religion, N\u00e4chstenliebe<\/p>\n","protected":false},"excerpt":{"rendered":"<p>&nbsp; Um den Anforderungen, die an die Abg\u00e4nger der Neuen Mittelschule gestellt werden, gerecht zu werden, versuchen wir durch ein breit gef\u00e4chertes Bildungsangebot, durch zielorientierte p\u00e4dagogische Arbeit optimale Voraussetzungen f\u00fcr unsere Sch\u00fcler zu schaffen. Wir bieten mit unserem Angebot sowohl eine gute Alternative zur Unterstufe der AHS, als auch eine [&hellip;]<\/p>\n","protected":false},"author":1,"featured_media":0,"parent":0,"menu_order":0,"comment_status":"closed","ping_status":"closed","template":"","meta":{"footnotes":""},"class_list":["post-133","page","type-page","status-publish","hentry"],"_links":{"self":[{"href":"https:\/\/www.nmsernstbrunn.ac.at\/wordpress\/wp-json\/wp\/v2\/pages\/133","targetHints":{"allow":["GET"]}}],"collection":[{"href":"https:\/\/www.nmsernstbrunn.ac.at\/wordpress\/wp-json\/wp\/v2\/pages"}],"about":[{"href":"https:\/\/www.nmsernstbrunn.ac.at\/wordpress\/wp-json\/wp\/v2\/types\/page"}],"author":[{"embeddable":true,"href":"https:\/\/www.nmsernstbrunn.ac.at\/wordpress\/wp-json\/wp\/v2\/users\/1"}],"replies":[{"embeddable":true,"href":"https:\/\/www.nmsernstbrunn.ac.at\/wordpress\/wp-json\/wp\/v2\/comments?post=133"}],"version-history":[{"count":10,"href":"https:\/\/www.nmsernstbrunn.ac.at\/wordpress\/wp-json\/wp\/v2\/pages\/133\/revisions"}],"predecessor-version":[{"id":548,"href":"https:\/\/www.nmsernstbrunn.ac.at\/wordpress\/wp-json\/wp\/v2\/pages\/133\/revisions\/548"}],"wp:attachment":[{"href":"https:\/\/www.nmsernstbrunn.ac.at\/wordpress\/wp-json\/wp\/v2\/media?parent=133"}],"curies":[{"name":"wp","href":"https:\/\/api.w.org\/{rel}","templated":true}]}}