{"id":103,"date":"2015-08-25T19:01:11","date_gmt":"2015-08-25T17:01:11","guid":{"rendered":"http:\/\/nmsernstbrunn.ac.at\/wordpress\/?page_id=103"},"modified":"2019-08-19T13:27:18","modified_gmt":"2019-08-19T11:27:18","slug":"oekologie","status":"publish","type":"page","link":"https:\/\/www.nmsernstbrunn.ac.at\/wordpress\/oekologie\/","title":{"rendered":"\u00d6kologie"},"content":{"rendered":"<p><a href=\"https:\/\/www.oekolog.at\/cms\/schulen\/detail\/158\/\"><img loading=\"lazy\" decoding=\"async\" class=\"alignright wp-image-528 size-full\" src=\"http:\/\/nmsernstbrunn.ac.at\/wordpress\/wp-content\/uploads\/2015\/08\/logo_oekolog_1.gif\" alt=\"logo_oekolog_1\" width=\"275\" height=\"110\"><\/a><\/p>\n<h3>\u00d6KO-Gruppe<\/h3>\n<p>In den Gruppen mit \u00f6kologischem Schwerpunkt wird den Sch\u00fclerInnen im Teamteaching angewandte Biologie vermittelt.<br \/>\nProjektwochen als Intensivkurs, Lernen mit allen Sinnen und Ern\u00e4hrungslehre geh\u00f6ren mit zum Unterricht.<\/p>\n<h4><\/h4>\n<h4>Praktische Schwerpunkte:<\/h4>\n<h5>Betreuung des Nistkastenlehrpfades<\/h5>\n<ul>\n<li>der angebrachten Nistk\u00e4sten<\/li>\n<li>des Kr\u00e4utergartens<\/li>\n<li>des Schulgartens<\/li>\n<\/ul>\n<h5>Arbeiten im Weingarten<\/h5>\n<ul>\n<li>Schneiden-Lese-Mostpressen<\/li>\n<\/ul>\n<h5>Zusammenarbeit mit der J\u00e4gerschaft<\/h5>\n<ul>\n<li>Pflanzaktion<\/li>\n<li>Biotopbetreuung<\/li>\n<li>Wildf\u00fctterung<\/li>\n<li>Revierreinigung<\/li>\n<\/ul>\n<h5>Erh\u00f6hte Mobilit\u00e4t<\/h5>\n<ul>\n<li>durch zwei schuleigene Kleinbusse<\/li>\n<\/ul>\n<h5>Zus\u00e4tzliche Projekttage<\/h5>\n<ul>\n<li>1. Klasse: 2 Naturtage in Oberleis<\/li>\n<li>2. Klasse: 4 \u00d6KO-Tage in Loimanns<\/li>\n<li>3. Klasse: 4 \u00d6ko-Tage in Hollenstein\/Ybbs<\/li>\n<\/ul>\n<p>&nbsp;<\/p>\n<p><a href=\"http:\/\/nmsernstbrunn.ac.at\/wordpress\/wp-content\/uploads\/2015\/08\/oek03.jpg\" data-rel=\"lightbox-gallery-bGlnaHRib3gtZ2FsbGVyeS0z\" data-rl_title=\"\" data-rl_caption=\"\" title=\"\"><img decoding=\"async\" class=\"wp-image-525 alignleft\" src=\"http:\/\/nmsernstbrunn.ac.at\/wordpress\/wp-content\/uploads\/2015\/08\/oek03-600x450.jpg\" alt=\"oek03\" width=\"33%\" height=\"188\" srcset=\"https:\/\/www.nmsernstbrunn.ac.at\/wordpress\/wp-content\/uploads\/2015\/08\/oek03-600x450.jpg 600w, https:\/\/www.nmsernstbrunn.ac.at\/wordpress\/wp-content\/uploads\/2015\/08\/oek03.jpg 819w\" sizes=\"(max-width: 600px) 100vw, 600px\" \/><\/a><a href=\"http:\/\/nmsernstbrunn.ac.at\/wordpress\/wp-content\/uploads\/2015\/08\/oeko1.jpg\" data-rel=\"lightbox-gallery-bGlnaHRib3gtZ2FsbGVyeS0z\" data-rl_title=\"\" data-rl_caption=\"\" title=\"\"><img decoding=\"async\" class=\"wp-image-523 alignright\" src=\"http:\/\/nmsernstbrunn.ac.at\/wordpress\/wp-content\/uploads\/2015\/08\/oeko1-600x450.jpg\" alt=\"oeko1\" width=\"33%\" height=\"188\" srcset=\"https:\/\/www.nmsernstbrunn.ac.at\/wordpress\/wp-content\/uploads\/2015\/08\/oeko1-600x450.jpg 600w, https:\/\/www.nmsernstbrunn.ac.at\/wordpress\/wp-content\/uploads\/2015\/08\/oeko1.jpg 800w\" sizes=\"(max-width: 600px) 100vw, 600px\" \/><\/a><a href=\"http:\/\/nmsernstbrunn.ac.at\/wordpress\/wp-content\/uploads\/2015\/08\/oeko2.jpg\" data-rel=\"lightbox-gallery-bGlnaHRib3gtZ2FsbGVyeS0z\" data-rl_title=\"\" data-rl_caption=\"\" title=\"\"><img decoding=\"async\" class=\"wp-image-524 aligncenter\" src=\"http:\/\/nmsernstbrunn.ac.at\/wordpress\/wp-content\/uploads\/2015\/08\/oeko2.jpg\" alt=\"oeko2\" width=\"24%\" height=\"250\"><\/a><\/p>\n","protected":false},"excerpt":{"rendered":"<p>\u00d6KO-Gruppe In den Gruppen mit \u00f6kologischem Schwerpunkt wird den Sch\u00fclerInnen im Teamteaching angewandte Biologie vermittelt. Projektwochen als Intensivkurs, Lernen mit allen Sinnen und Ern\u00e4hrungslehre geh\u00f6ren mit zum Unterricht. Praktische Schwerpunkte: Betreuung des Nistkastenlehrpfades der angebrachten Nistk\u00e4sten des Kr\u00e4utergartens des Schulgartens Arbeiten im Weingarten Schneiden-Lese-Mostpressen Zusammenarbeit mit der J\u00e4gerschaft Pflanzaktion Biotopbetreuung [&hellip;]<\/p>\n","protected":false},"author":1,"featured_media":0,"parent":0,"menu_order":0,"comment_status":"closed","ping_status":"closed","template":"","meta":{"footnotes":""},"class_list":["post-103","page","type-page","status-publish","hentry"],"_links":{"self":[{"href":"https:\/\/www.nmsernstbrunn.ac.at\/wordpress\/wp-json\/wp\/v2\/pages\/103","targetHints":{"allow":["GET"]}}],"collection":[{"href":"https:\/\/www.nmsernstbrunn.ac.at\/wordpress\/wp-json\/wp\/v2\/pages"}],"about":[{"href":"https:\/\/www.nmsernstbrunn.ac.at\/wordpress\/wp-json\/wp\/v2\/types\/page"}],"author":[{"embeddable":true,"href":"https:\/\/www.nmsernstbrunn.ac.at\/wordpress\/wp-json\/wp\/v2\/users\/1"}],"replies":[{"embeddable":true,"href":"https:\/\/www.nmsernstbrunn.ac.at\/wordpress\/wp-json\/wp\/v2\/comments?post=103"}],"version-history":[{"count":20,"href":"https:\/\/www.nmsernstbrunn.ac.at\/wordpress\/wp-json\/wp\/v2\/pages\/103\/revisions"}],"predecessor-version":[{"id":3691,"href":"https:\/\/www.nmsernstbrunn.ac.at\/wordpress\/wp-json\/wp\/v2\/pages\/103\/revisions\/3691"}],"wp:attachment":[{"href":"https:\/\/www.nmsernstbrunn.ac.at\/wordpress\/wp-json\/wp\/v2\/media?parent=103"}],"curies":[{"name":"wp","href":"https:\/\/api.w.org\/{rel}","templated":true}]}}